{"id":50,"date":"2022-12-26T19:18:01","date_gmt":"2022-12-26T19:18:01","guid":{"rendered":"https:\/\/palsaexpress.com\/?page_id=50"},"modified":"2023-07-07T17:00:51","modified_gmt":"2023-07-07T17:00:51","slug":"acerca-de","status":"publish","type":"page","link":"https:\/\/palsaexpress.com\/","title":{"rendered":"Quienes Somos"},"content":{"rendered":"\n<p>Somos una Empresa mexicana que opera desde 1972, dedicada a la administraci\u00f3n de insumos en lo que a carne de pollo se refiere para Comedores Industriales, Restaurantes e Instancias de Gobierno.<\/p>\n\n\n\n<p>Estamos convencidos de que cada cliente es \u00fanico por lo que nos especializamos en darle la presentaci\u00f3n a nuestros productos como el cliente lo requiera.<\/p>\n\n\n\n<p>Contamos con una planta t\u00e9cnicamente adecuada, que nos permite la realizaci\u00f3n de un proceso seguro e higi\u00e9nico , garantizando as\u00ed productos de alta calidad y valor nutricional.<\/p>\n\n\n\n<div style=\"height:100px\" aria-hidden=\"true\" class=\"wp-block-spacer\"><\/div>\n\n\n\n<div class=\"wp-block-columns alignwide is-layout-flex wp-container-core-columns-is-layout-28f84493 wp-block-columns-is-layout-flex\">\n<div class=\"wp-block-column is-layout-flow wp-block-column-is-layout-flow\">\n<figure class=\"wp-block-gallery has-nested-images columns-default is-cropped wp-block-gallery-1 is-layout-flex wp-block-gallery-is-layout-flex\">\n<figure class=\"wp-block-image size-full\"><img fetchpriority=\"high\" decoding=\"async\" width=\"364\" height=\"264\" data-id=\"16\" src=\"https:\/\/palsaexpress.com\/wp-content\/uploads\/2022\/12\/camion.png\" alt=\"\" class=\"wp-image-16\" srcset=\"https:\/\/palsaexpress.com\/wp-content\/uploads\/2022\/12\/camion.png 364w, https:\/\/palsaexpress.com\/wp-content\/uploads\/2022\/12\/camion-300x218.png 300w\" sizes=\"(max-width: 364px) 100vw, 364px\" \/><figcaption class=\"wp-element-caption\">Transporte.<\/figcaption><\/figure>\n<\/figure>\n\n\n\n<p class=\"has-black-color has-text-color has-medium-font-size\">Tenemos la Mejor Log\u00edstica.<\/p>\n\n\n\n<p class=\"has-text-color\" style=\"color:#7a7a7a\">Contamos con los mejor log\u00edstica de entrega de la \u00e1rea metropolitana y sus alrededores ya que cuenta con sus c\u00e1maras de enfriamiento y contenedores para su protecci\u00f3n del producto.<\/p>\n<\/div>\n\n\n\n<div class=\"wp-block-column is-layout-flow wp-block-column-is-layout-flow\">\n<figure class=\"wp-block-image size-full\"><img decoding=\"async\" width=\"347\" height=\"220\" src=\"https:\/\/palsaexpress.com\/wp-content\/uploads\/2022\/12\/img_contacto.png\" alt=\"\" class=\"wp-image-18\" srcset=\"https:\/\/palsaexpress.com\/wp-content\/uploads\/2022\/12\/img_contacto.png 347w, https:\/\/palsaexpress.com\/wp-content\/uploads\/2022\/12\/img_contacto-300x190.png 300w\" sizes=\"(max-width: 347px) 100vw, 347px\" \/><figcaption class=\"wp-element-caption\">Proveedores<\/figcaption><\/figure>\n\n\n\n<p class=\"has-black-color has-text-color has-medium-font-size\">Tenemos la mejor calidad.<\/p>\n\n\n\n<p class=\"has-text-color\" style=\"color:#7a7a7a\">Ya que nuestros proveedores nos surten la mejor calidad y frescura del producto adem\u00e1s de que pasa por nuestro centro de calidad para su revisar y aprobar cada contenedor .<\/p>\n<\/div>\n\n\n\n<div class=\"wp-block-column is-layout-flow wp-block-column-is-layout-flow\">\n<figure class=\"wp-block-image size-full\"><img decoding=\"async\" width=\"494\" height=\"335\" src=\"https:\/\/palsaexpress.com\/wp-content\/uploads\/2022\/12\/quieres-formar.png\" alt=\"\" class=\"wp-image-27\" srcset=\"https:\/\/palsaexpress.com\/wp-content\/uploads\/2022\/12\/quieres-formar.png 494w, https:\/\/palsaexpress.com\/wp-content\/uploads\/2022\/12\/quieres-formar-300x203.png 300w\" sizes=\"(max-width: 494px) 100vw, 494px\" \/><\/figure>\n\n\n\n<p class=\"has-black-color has-text-color has-medium-font-size\">Se Parte de nuestra Familia.<\/p>\n\n\n\n<p class=\"has-text-color\" style=\"color:#7a7a7a\">Env\u00edanos tu CV. a los correos: recursoshumanos@palsaexpress.com tambi\u00e9n nos puedes llamar a los siguientes n\u00fameros: 5562005282 -5519724680-9842618913.<\/p>\n<\/div>\n<\/div>\n\n\n\n<h3 class=\"has-large-font-size wp-block-heading\" id=\"inspiro-is-a-digital-product-agency-that-focuses-on-strategy-and-desig\" style=\"font-weight:300\">Nuestros productos est\u00e1n garantizados.<\/h3>\n\n\n\n<figure class=\"wp-block-image size-large\"><img loading=\"lazy\" decoding=\"async\" width=\"230\" height=\"150\" src=\"https:\/\/palsaexpress.com\/wp-content\/uploads\/2022\/12\/ala_small-1.jpg\" alt=\"\" class=\"wp-image-101\"\/><\/figure>\n\n\n\n<figure class=\"wp-block-image size-large\"><img loading=\"lazy\" decoding=\"async\" width=\"1024\" height=\"819\" src=\"https:\/\/palsaexpress.com\/wp-content\/uploads\/2022\/12\/americano_big-1-1024x819.jpg\" alt=\"\" class=\"wp-image-119\" srcset=\"https:\/\/palsaexpress.com\/wp-content\/uploads\/2022\/12\/americano_big-1-1024x819.jpg 1024w, https:\/\/palsaexpress.com\/wp-content\/uploads\/2022\/12\/americano_big-1-300x240.jpg 300w, https:\/\/palsaexpress.com\/wp-content\/uploads\/2022\/12\/americano_big-1-768x614.jpg 768w, https:\/\/palsaexpress.com\/wp-content\/uploads\/2022\/12\/americano_big-1.jpg 1042w\" sizes=\"(max-width: 1024px) 100vw, 1024px\" \/><\/figure>\n\n\n\n<figure class=\"wp-block-image size-large\"><img loading=\"lazy\" decoding=\"async\" width=\"230\" height=\"150\" src=\"https:\/\/palsaexpress.com\/wp-content\/uploads\/2022\/12\/americano_small-1.jpg\" alt=\"\" class=\"wp-image-104\"\/><\/figure>\n\n\n\n<figure class=\"wp-block-image size-large\"><img loading=\"lazy\" decoding=\"async\" width=\"1024\" height=\"819\" src=\"https:\/\/palsaexpress.com\/wp-content\/uploads\/2022\/12\/anatomico_big-1-1024x819.jpg\" alt=\"\" class=\"wp-image-112\" srcset=\"https:\/\/palsaexpress.com\/wp-content\/uploads\/2022\/12\/anatomico_big-1-1024x819.jpg 1024w, https:\/\/palsaexpress.com\/wp-content\/uploads\/2022\/12\/anatomico_big-1-300x240.jpg 300w, https:\/\/palsaexpress.com\/wp-content\/uploads\/2022\/12\/anatomico_big-1-768x614.jpg 768w, https:\/\/palsaexpress.com\/wp-content\/uploads\/2022\/12\/anatomico_big-1.jpg 1042w\" sizes=\"(max-width: 1024px) 100vw, 1024px\" \/><\/figure>\n\n\n\n<figure class=\"wp-block-image size-large\"><img loading=\"lazy\" decoding=\"async\" width=\"230\" height=\"150\" src=\"https:\/\/palsaexpress.com\/wp-content\/uploads\/2022\/12\/anatomico_small-1.jpg\" alt=\"\" class=\"wp-image-110\"\/><\/figure>\n\n\n\n<figure class=\"wp-block-image size-large\"><img loading=\"lazy\" decoding=\"async\" width=\"1024\" height=\"819\" src=\"https:\/\/palsaexpress.com\/wp-content\/uploads\/2022\/12\/aplanada_big-1-1024x819.jpg\" alt=\"\" class=\"wp-image-113\" srcset=\"https:\/\/palsaexpress.com\/wp-content\/uploads\/2022\/12\/aplanada_big-1-1024x819.jpg 1024w, https:\/\/palsaexpress.com\/wp-content\/uploads\/2022\/12\/aplanada_big-1-300x240.jpg 300w, https:\/\/palsaexpress.com\/wp-content\/uploads\/2022\/12\/aplanada_big-1-768x614.jpg 768w, https:\/\/palsaexpress.com\/wp-content\/uploads\/2022\/12\/aplanada_big-1.jpg 1042w\" sizes=\"(max-width: 1024px) 100vw, 1024px\" \/><\/figure>\n\n\n\n<figure class=\"wp-block-image size-large\"><img loading=\"lazy\" decoding=\"async\" width=\"230\" height=\"150\" src=\"https:\/\/palsaexpress.com\/wp-content\/uploads\/2022\/12\/aplanada_small-1.jpg\" alt=\"\" class=\"wp-image-109\"\/><\/figure>\n\n\n\n<figure class=\"wp-block-image size-large\"><img loading=\"lazy\" decoding=\"async\" width=\"1024\" height=\"819\" src=\"https:\/\/palsaexpress.com\/wp-content\/uploads\/2022\/12\/cubitos_big-1-1024x819.jpg\" alt=\"\" class=\"wp-image-120\" srcset=\"https:\/\/palsaexpress.com\/wp-content\/uploads\/2022\/12\/cubitos_big-1-1024x819.jpg 1024w, https:\/\/palsaexpress.com\/wp-content\/uploads\/2022\/12\/cubitos_big-1-300x240.jpg 300w, https:\/\/palsaexpress.com\/wp-content\/uploads\/2022\/12\/cubitos_big-1-768x614.jpg 768w, https:\/\/palsaexpress.com\/wp-content\/uploads\/2022\/12\/cubitos_big-1.jpg 1042w\" sizes=\"(max-width: 1024px) 100vw, 1024px\" \/><\/figure>\n\n\n\n<figure class=\"wp-block-image size-large\"><img loading=\"lazy\" decoding=\"async\" width=\"230\" height=\"150\" src=\"https:\/\/palsaexpress.com\/wp-content\/uploads\/2022\/12\/cubitos_small-1.jpg\" alt=\"\" class=\"wp-image-98\"\/><\/figure>\n\n\n\n<figure class=\"wp-block-image size-large\"><img loading=\"lazy\" decoding=\"async\" width=\"1024\" height=\"819\" src=\"https:\/\/palsaexpress.com\/wp-content\/uploads\/2022\/12\/entera_big-1-1024x819.jpg\" alt=\"\" class=\"wp-image-114\" srcset=\"https:\/\/palsaexpress.com\/wp-content\/uploads\/2022\/12\/entera_big-1-1024x819.jpg 1024w, https:\/\/palsaexpress.com\/wp-content\/uploads\/2022\/12\/entera_big-1-300x240.jpg 300w, https:\/\/palsaexpress.com\/wp-content\/uploads\/2022\/12\/entera_big-1-768x614.jpg 768w, https:\/\/palsaexpress.com\/wp-content\/uploads\/2022\/12\/entera_big-1.jpg 1042w\" sizes=\"(max-width: 1024px) 100vw, 1024px\" \/><\/figure>\n\n\n\n<figure class=\"wp-block-image size-large\"><img loading=\"lazy\" decoding=\"async\" width=\"230\" height=\"150\" src=\"https:\/\/palsaexpress.com\/wp-content\/uploads\/2022\/12\/entera_small-1.jpg\" alt=\"\" class=\"wp-image-97\"\/><\/figure>\n\n\n\n<figure class=\"wp-block-image size-large\"><img loading=\"lazy\" decoding=\"async\" width=\"1024\" height=\"819\" src=\"https:\/\/palsaexpress.com\/wp-content\/uploads\/2022\/12\/fajitas_big-1-1024x819.jpg\" alt=\"\" class=\"wp-image-115\" srcset=\"https:\/\/palsaexpress.com\/wp-content\/uploads\/2022\/12\/fajitas_big-1-1024x819.jpg 1024w, https:\/\/palsaexpress.com\/wp-content\/uploads\/2022\/12\/fajitas_big-1-300x240.jpg 300w, https:\/\/palsaexpress.com\/wp-content\/uploads\/2022\/12\/fajitas_big-1-768x614.jpg 768w, https:\/\/palsaexpress.com\/wp-content\/uploads\/2022\/12\/fajitas_big-1.jpg 1042w\" sizes=\"(max-width: 1024px) 100vw, 1024px\" \/><\/figure>\n\n\n\n<figure class=\"wp-block-image size-large\"><img loading=\"lazy\" decoding=\"async\" width=\"230\" height=\"150\" src=\"https:\/\/palsaexpress.com\/wp-content\/uploads\/2022\/12\/fajitas_small-1.jpg\" alt=\"\" class=\"wp-image-108\"\/><\/figure>\n\n\n\n<figure class=\"wp-block-image size-large\"><img loading=\"lazy\" decoding=\"async\" width=\"1024\" height=\"819\" src=\"https:\/\/palsaexpress.com\/wp-content\/uploads\/2022\/12\/huevo_big-1-1024x819.jpg\" alt=\"\" class=\"wp-image-111\" srcset=\"https:\/\/palsaexpress.com\/wp-content\/uploads\/2022\/12\/huevo_big-1-1024x819.jpg 1024w, https:\/\/palsaexpress.com\/wp-content\/uploads\/2022\/12\/huevo_big-1-300x240.jpg 300w, https:\/\/palsaexpress.com\/wp-content\/uploads\/2022\/12\/huevo_big-1-768x614.jpg 768w, https:\/\/palsaexpress.com\/wp-content\/uploads\/2022\/12\/huevo_big-1.jpg 1042w\" sizes=\"(max-width: 1024px) 100vw, 1024px\" \/><\/figure>\n\n\n\n<figure class=\"wp-block-image size-large\"><img loading=\"lazy\" decoding=\"async\" width=\"230\" height=\"150\" src=\"https:\/\/palsaexpress.com\/wp-content\/uploads\/2022\/12\/huevo_small-1.jpg\" alt=\"\" class=\"wp-image-100\"\/><\/figure>\n\n\n\n<figure class=\"wp-block-image size-large\"><img loading=\"lazy\" decoding=\"async\" width=\"1024\" height=\"819\" src=\"https:\/\/palsaexpress.com\/wp-content\/uploads\/2022\/12\/menudencia_big-1-1024x819.jpg\" alt=\"\" class=\"wp-image-116\" srcset=\"https:\/\/palsaexpress.com\/wp-content\/uploads\/2022\/12\/menudencia_big-1-1024x819.jpg 1024w, https:\/\/palsaexpress.com\/wp-content\/uploads\/2022\/12\/menudencia_big-1-300x240.jpg 300w, https:\/\/palsaexpress.com\/wp-content\/uploads\/2022\/12\/menudencia_big-1-768x614.jpg 768w, https:\/\/palsaexpress.com\/wp-content\/uploads\/2022\/12\/menudencia_big-1.jpg 1042w\" sizes=\"(max-width: 1024px) 100vw, 1024px\" \/><\/figure>\n\n\n\n<figure class=\"wp-block-image size-large\"><img loading=\"lazy\" decoding=\"async\" width=\"230\" height=\"150\" src=\"https:\/\/palsaexpress.com\/wp-content\/uploads\/2022\/12\/menudencia_small-1.jpg\" alt=\"\" class=\"wp-image-107\"\/><\/figure>\n\n\n\n<figure class=\"wp-block-image size-large\"><img loading=\"lazy\" decoding=\"async\" width=\"1024\" height=\"819\" src=\"https:\/\/palsaexpress.com\/wp-content\/uploads\/2022\/12\/nuggets_big-1024x819.jpg\" alt=\"\" class=\"wp-image-117\" srcset=\"https:\/\/palsaexpress.com\/wp-content\/uploads\/2022\/12\/nuggets_big-1024x819.jpg 1024w, https:\/\/palsaexpress.com\/wp-content\/uploads\/2022\/12\/nuggets_big-300x240.jpg 300w, https:\/\/palsaexpress.com\/wp-content\/uploads\/2022\/12\/nuggets_big-768x614.jpg 768w, https:\/\/palsaexpress.com\/wp-content\/uploads\/2022\/12\/nuggets_big.jpg 1042w\" sizes=\"(max-width: 1024px) 100vw, 1024px\" \/><\/figure>\n\n\n\n<figure class=\"wp-block-image size-large\"><img loading=\"lazy\" decoding=\"async\" width=\"230\" height=\"150\" src=\"https:\/\/palsaexpress.com\/wp-content\/uploads\/2022\/12\/nuggets_small.jpg\" alt=\"\" class=\"wp-image-105\"\/><\/figure>\n\n\n\n<figure class=\"wp-block-image size-large\"><img loading=\"lazy\" decoding=\"async\" width=\"1024\" height=\"819\" src=\"https:\/\/palsaexpress.com\/wp-content\/uploads\/2022\/12\/pulpa_big-1024x819.jpg\" alt=\"\" class=\"wp-image-118\" srcset=\"https:\/\/palsaexpress.com\/wp-content\/uploads\/2022\/12\/pulpa_big-1024x819.jpg 1024w, https:\/\/palsaexpress.com\/wp-content\/uploads\/2022\/12\/pulpa_big-300x240.jpg 300w, https:\/\/palsaexpress.com\/wp-content\/uploads\/2022\/12\/pulpa_big-768x614.jpg 768w, https:\/\/palsaexpress.com\/wp-content\/uploads\/2022\/12\/pulpa_big.jpg 1042w\" sizes=\"(max-width: 1024px) 100vw, 1024px\" \/><\/figure>\n\n\n\n<figure class=\"wp-block-image size-large\"><img loading=\"lazy\" decoding=\"async\" width=\"230\" height=\"150\" src=\"https:\/\/palsaexpress.com\/wp-content\/uploads\/2022\/12\/pulpa_small.jpg\" alt=\"\" class=\"wp-image-106\"\/><\/figure>\n\n\n\n<figure class=\"wp-block-image size-large\"><img loading=\"lazy\" decoding=\"async\" width=\"1024\" height=\"819\" src=\"https:\/\/palsaexpress.com\/wp-content\/uploads\/2022\/12\/rosti_big-1024x819.jpg\" alt=\"\" class=\"wp-image-102\" srcset=\"https:\/\/palsaexpress.com\/wp-content\/uploads\/2022\/12\/rosti_big-1024x819.jpg 1024w, https:\/\/palsaexpress.com\/wp-content\/uploads\/2022\/12\/rosti_big-300x240.jpg 300w, https:\/\/palsaexpress.com\/wp-content\/uploads\/2022\/12\/rosti_big-768x614.jpg 768w, https:\/\/palsaexpress.com\/wp-content\/uploads\/2022\/12\/rosti_big.jpg 1042w\" sizes=\"(max-width: 1024px) 100vw, 1024px\" \/><\/figure>\n\n\n\n<figure class=\"wp-block-image size-large is-style-default\"><img loading=\"lazy\" decoding=\"async\" width=\"230\" height=\"122\" src=\"https:\/\/palsaexpress.com\/wp-content\/uploads\/2022\/12\/rosti_small-edited.jpg\" alt=\"\" class=\"wp-image-123\"\/><\/figure>\n\n\n\n<div style=\"height:100px\" aria-hidden=\"true\" class=\"wp-block-spacer\"><\/div>\n\n\n\n<div class=\"wp-block-cover alignfull\" style=\"padding-top:50px;padding-right:50px;padding-bottom:50px;padding-left:50px;min-height:316px;aspect-ratio:unset;\"><span aria-hidden=\"true\" class=\"wp-block-cover__background has-black-background-color has-background-dim-100 has-background-dim\"><\/span><div class=\"wp-block-cover__inner-container is-layout-flow wp-block-cover-is-layout-flow\">\n<div class=\"wp-block-columns are-vertically-aligned-center is-layout-flex wp-container-core-columns-is-layout-28f84493 wp-block-columns-is-layout-flex\">\n<div class=\"wp-block-column is-vertically-aligned-center is-layout-flow wp-block-column-is-layout-flow\" style=\"padding-top:20px;padding-right:0px;padding-bottom:20px;padding-left:0px\"><\/div>\n<\/div>\n<\/div><\/div>\n","protected":false},"excerpt":{"rendered":"<p>Somos una Empresa mexicana que opera desde 1972, dedicada a la administraci\u00f3n de insumos en lo que a carne de pollo se refiere para Comedores Industriales, Restaurantes e Instancias de Gobierno. Estamos convencidos de que cada cliente es \u00fanico por lo que nos especializamos en darle la presentaci\u00f3n a nuestros productos como el cliente lo &hellip; <\/p>\n<p class=\"link-more\"><a href=\"https:\/\/palsaexpress.com\/\" class=\"more-link\">Leer m\u00e1s<span class=\"screen-reader-text\"> \u00abQuienes Somos\u00bb<\/span><\/a><\/p>\n","protected":false},"author":1,"featured_media":48,"parent":0,"menu_order":0,"comment_status":"closed","ping_status":"closed","template":"","meta":{"om_disable_all_campaigns":false,"_monsterinsights_skip_tracking":false,"_monsterinsights_sitenote_active":false,"_monsterinsights_sitenote_note":"","_monsterinsights_sitenote_category":0,"inspiro_hide_title":false,"footnotes":""},"class_list":["post-50","page","type-page","status-publish","has-post-thumbnail","hentry"],"aioseo_notices":[],"jetpack_sharing_enabled":true,"_links":{"self":[{"href":"https:\/\/palsaexpress.com\/index.php\/wp-json\/wp\/v2\/pages\/50","targetHints":{"allow":["GET"]}}],"collection":[{"href":"https:\/\/palsaexpress.com\/index.php\/wp-json\/wp\/v2\/pages"}],"about":[{"href":"https:\/\/palsaexpress.com\/index.php\/wp-json\/wp\/v2\/types\/page"}],"author":[{"embeddable":true,"href":"https:\/\/palsaexpress.com\/index.php\/wp-json\/wp\/v2\/users\/1"}],"replies":[{"embeddable":true,"href":"https:\/\/palsaexpress.com\/index.php\/wp-json\/wp\/v2\/comments?post=50"}],"version-history":[{"count":11,"href":"https:\/\/palsaexpress.com\/index.php\/wp-json\/wp\/v2\/pages\/50\/revisions"}],"predecessor-version":[{"id":142,"href":"https:\/\/palsaexpress.com\/index.php\/wp-json\/wp\/v2\/pages\/50\/revisions\/142"}],"wp:featuredmedia":[{"embeddable":true,"href":"https:\/\/palsaexpress.com\/index.php\/wp-json\/wp\/v2\/media\/48"}],"wp:attachment":[{"href":"https:\/\/palsaexpress.com\/index.php\/wp-json\/wp\/v2\/media?parent=50"}],"curies":[{"name":"wp","href":"https:\/\/api.w.org\/{rel}","templated":true}]}}